{"id":360,"date":"2020-01-03T12:50:26","date_gmt":"2020-01-03T11:50:26","guid":{"rendered":"http:\/\/preview-web02.218543.aweb.preview-site.ch\/?page_id=360"},"modified":"2026-03-11T10:00:34","modified_gmt":"2026-03-11T09:00:34","slug":"qigong-wochenenden","status":"publish","type":"page","link":"https:\/\/dao-qigong.ch\/?page_id=360","title":{"rendered":"Qigong-Wochenenden"},"content":{"rendered":"<div class=\"wp-block-image is-style-default\">\n<figure class=\"alignleft size-large\"><img loading=\"lazy\" decoding=\"async\" width=\"1024\" height=\"683\" src=\"http:\/\/dao-qigong.ch\/wp-content\/uploads\/2022\/02\/LR-BAR_20211129-1557-1024x683.jpg\" alt=\"\" class=\"wp-image-1817\"\/><\/figure><\/div>\n\n\n<p><\/p>\n\n\n\n<p><\/p>\n\n\n\n<p><strong>\u00dcberblick \u00fcber die Qigong-Wochenenden 2026:<\/strong><\/p>\n\n\n\n<ul class=\"wp-block-list\">\n<li><strong>Das Spiel der 5 Tiere, B\u00e4r &amp; Kranich (T1)<\/strong> 28.\/29. M\u00e4rz 2026<\/li>\n\n\n\n<li><strong>Das Spiel der 5 Tiere, Tiger &amp; Hirsch (T2) <\/strong>2.\/3. Mai 2026<\/li>\n\n\n\n<li><strong>Das Spiel der 5 Tiere, Affe (T3)<\/strong> 6.\/7. Juni 2026<\/li>\n\n\n\n<li><strong>Die 15 Ausdrucksformen, 1. Teil (F1)<\/strong> 5.\/6. September 2026 (Kursleitung: Sonja Walpen, <a href=\"http:\/\/www.qigongzeit.ch\" data-type=\"link\" data-id=\"www.qigongzeit.ch\" target=\"_blank\" rel=\"noreferrer noopener\">qigongzeit.ch<\/a>)<\/li>\n\n\n\n<li><strong>Spannungsb\u00f6gen (S1)<\/strong> 17.\/18. Oktober 2026<\/li>\n\n\n\n<li><strong>Die 15 Ausdrucksformen, 2. Teil (F2)<\/strong> 14.\/15. November 2026 (Kursleitung: Sonja Walpen, <a href=\"http:\/\/www.qigongzeit.ch\" data-type=\"link\" data-id=\"www.qigongzeit.ch\" target=\"_blank\" rel=\"noreferrer noopener\">qigongzeit.ch<\/a>)<\/li>\n\n\n\n<li><strong>Die 3 ganz kleinen Himmelskreisl\u00e4ufe <\/strong>21.\/22. November 2026<\/li>\n<\/ul>\n\n\n\n<p>F\u00fcr diese Kurse ist eine Teilnahme sowohl vor Ort als auch im Online-Format m\u00f6glich. Weitere Informationen zu den Qigong-Wochenenden finden Sie auf diesem <a href=\"https:\/\/dao-qigong.ch\/wp-content\/uploads\/2026\/03\/2026-Flyer-QG-Wochenenden-Tiere-und-15F-Sonja.pdf\" data-type=\"link\" data-id=\"https:\/\/dao-qigong.ch\/wp-content\/uploads\/2026\/03\/2026-Flyer-QG-Wochenenden-Tiere-und-15F-Sonja.pdf\" target=\"_blank\" rel=\"noreferrer noopener\">Flyer<\/a>.<\/p>\n\n\n\n<p><strong>Spezial-Wochenende im Hotel Ermitage, Sch\u00f6nried<\/strong>, 11. &#8211; 14. Juni 2026 Dieses verl\u00e4ngerte Wochenende findet vom Donnerstagabend bis Sonntagmittag statt. Kursort ist das alpine Wellness-Hotel Ermitage in Sch\u00f6nried. Weitere Infos sowie das Online-Anmeldeformular zu diesem Angebot finden Sie auf der Seite des <a rel=\"noreferrer noopener\" href=\"https:\/\/www.ermitage.ch\/de\/retreat\/qigong-retreat\" target=\"_blank\">Hotels Ermitage<\/a>.<\/p>\n\n\n\n<p><strong>Spezial-Wochenende im Hotel Beatus, Merligen<\/strong> 3. &#8211; 6. September. 2026. Dieses verl\u00e4ngerte Wochenende findet vom Donnerstagabend bis Sonntagmittag statt. Kursort ist das sch\u00f6n gelegene Hotel Beatus am Thunersee. Weitere Infos sowie das Online-Anmeldeformular zu diesem Angebot finden Sie auf der Seite des <a rel=\"noreferrer noopener\" href=\"https:\/\/www.beatus.ch\/de\/retreats\/qigong-retreat\" target=\"_blank\">Hotels Beatus<\/a>.<\/p>\n\n\n\n<p><\/p>\n","protected":false},"excerpt":{"rendered":"<p>\u00dcberblick \u00fcber die Qigong-Wochenenden 2026: F\u00fcr diese Kurse ist eine Teilnahme sowohl vor Ort als auch im Online-Format m\u00f6glich. Weitere Informationen zu den Qigong-Wochenenden finden Sie auf diesem Flyer. Spezial-Wochenende im Hotel Ermitage, Sch\u00f6nried, 11. &#8211; 14. Juni 2026 Dieses verl\u00e4ngerte Wochenende findet vom Donnerstagabend bis Sonntagmittag statt. Kursort ist das alpine Wellness-Hotel Ermitage in&hellip;<\/p>\n","protected":false},"author":4,"featured_media":0,"parent":113,"menu_order":30,"comment_status":"closed","ping_status":"closed","template":"","meta":{"footnotes":""},"class_list":["post-360","page","type-page","status-publish","hentry","no-post-thumbnail","post-grid-3-col","entry"],"_links":{"self":[{"href":"https:\/\/dao-qigong.ch\/index.php?rest_route=\/wp\/v2\/pages\/360","targetHints":{"allow":["GET"]}}],"collection":[{"href":"https:\/\/dao-qigong.ch\/index.php?rest_route=\/wp\/v2\/pages"}],"about":[{"href":"https:\/\/dao-qigong.ch\/index.php?rest_route=\/wp\/v2\/types\/page"}],"author":[{"embeddable":true,"href":"https:\/\/dao-qigong.ch\/index.php?rest_route=\/wp\/v2\/users\/4"}],"replies":[{"embeddable":true,"href":"https:\/\/dao-qigong.ch\/index.php?rest_route=%2Fwp%2Fv2%2Fcomments&post=360"}],"version-history":[{"count":147,"href":"https:\/\/dao-qigong.ch\/index.php?rest_route=\/wp\/v2\/pages\/360\/revisions"}],"predecessor-version":[{"id":2873,"href":"https:\/\/dao-qigong.ch\/index.php?rest_route=\/wp\/v2\/pages\/360\/revisions\/2873"}],"up":[{"embeddable":true,"href":"https:\/\/dao-qigong.ch\/index.php?rest_route=\/wp\/v2\/pages\/113"}],"wp:attachment":[{"href":"https:\/\/dao-qigong.ch\/index.php?rest_route=%2Fwp%2Fv2%2Fmedia&parent=360"}],"curies":[{"name":"wp","href":"https:\/\/api.w.org\/{rel}","templated":true}]}}