{"id":317,"date":"2019-12-25T22:22:40","date_gmt":"2019-12-25T21:22:40","guid":{"rendered":"http:\/\/preview-web02.218543.aweb.preview-site.ch\/?page_id=317"},"modified":"2026-03-06T09:35:31","modified_gmt":"2026-03-06T08:35:31","slug":"qigong-grundausbildung","status":"publish","type":"page","link":"https:\/\/dao-qigong.ch\/?page_id=317","title":{"rendered":"Qigong-Grundausbildung"},"content":{"rendered":"<div class=\"wp-block-image\">\n<figure class=\"alignleft size-large\"><img loading=\"lazy\" decoding=\"async\" width=\"1024\" height=\"682\" src=\"http:\/\/dao-qigong.ch\/wp-content\/uploads\/2022\/02\/LR-BAR_20211129-1571-1024x682.jpg\" alt=\"\" class=\"wp-image-1833\"\/><\/figure><\/div>\n\n\n<p>Die DAO QIGONG-Schule (Urs Zimmerli) bietet eine Qigong-Grundausbildung mit <strong>Diplom als \u201cQigong-Kursleiter\/in\u201d<\/strong> in der Schweiz an. Der Ausbildungs-Lehrgang ist von der Schweizerischen Gesellschaft f\u00fcr Qigong und Taijiquan (<a rel=\"noreferrer noopener\" href=\"http:\/\/www.sgqt.ch\" target=\"_blank\">SGQT<\/a>) anerkannt.<\/p>\n\n\n\n<p>Die Ausbildung bietet einen umfassenden Einstieg ins Lehrsystem  \u201cQigong Yangsheng\u201d nach Prof. Jiao Guorui. Die Spezialit\u00e4t der Ausbildung liegt darin, dass die inneren \u00dcbungen des Qigong (neigong)  einen hohen Stellenwert geniessen und \u2013 im Sinne der Harmonie \u2013 gleich  viel Gewicht erhalten wie die \u00e4usseren \u00dcbungen des Qigong (waigong).<\/p>\n\n\n\n<p>Die Ausbildung umfasst<strong> 390 Ausbildungsstunden<\/strong> und ist kompakt gegliedert in 10 Wochenendkurse und 6 Wochenkurse. Sie dauert <strong>3 Jahre<\/strong>, kann aber auch auf einen l\u00e4ngeren Zeitraum verteilt werden. Die Ausbildung umfasst die folgenden Module:<\/p>\n\n\n\n<ul class=\"wp-block-list\">\n<li>S1: Spannungsb\u00f6gen <\/li>\n\n\n\n<li>S2: Spiralige Kr\u00e4fte<\/li>\n\n\n\n<li><strong>S3: Spannungsb\u00f6gen &amp; spiralige Kr\u00e4fte, Vertiefung<\/strong><\/li>\n<\/ul>\n\n\n\n<ul class=\"wp-block-list\">\n<li>B1: Die 8 Brokate, Einf\u00fchrung 1. Teil<\/li>\n\n\n\n<li>B2: Die 8 Brokate, Einf\u00fchrung 2. Teil<\/li>\n\n\n\n<li><strong>B3: Die 8 Brokate, Vertiefung<\/strong><\/li>\n<\/ul>\n\n\n\n<ul class=\"wp-block-list\">\n<li>F1: Die 15 Ausdrucksformen, 1. Teil<\/li>\n\n\n\n<li>F2: Die 15 Ausdrucksformen, 2. Teil<\/li>\n\n\n\n<li><strong>F3: Die 15 Ausdrucksformen, Vertiefung<\/strong><\/li>\n<\/ul>\n\n\n\n<ul class=\"wp-block-list\">\n<li>T1: Das Spiel der 5 Tiere, B\u00e4r &amp; Kranich<\/li>\n\n\n\n<li>T2: Das Spiel der 5 Tiere, Tiger &amp; Hirsch<\/li>\n\n\n\n<li>T3: Das Spiel der 5 Tiere, Affe<\/li>\n\n\n\n<li><strong>T4: Das Spiel der 5 Tiere, Vertiefung<\/strong><\/li>\n<\/ul>\n\n\n\n<ul class=\"wp-block-list\">\n<li>M1: Erfahrbare Anatomie<\/li>\n\n\n\n<li><strong>M2: Grundlagen der TCM<\/strong><\/li>\n<\/ul>\n\n\n\n<ul class=\"wp-block-list\">\n<li><strong>P:     Philosophie &amp; Didaktik<\/strong><\/li>\n<\/ul>\n\n\n\n<p>Durch den modularen Aufbau ist ein Einstieg in die Ausbildung laufend  m\u00f6glich. Die 10 Wochenendkurse werden in Bern angeboten, eine Online-Teilnahme ist m\u00f6glich. Die <strong>6 Wochenkurse<\/strong> werden in verschiedenen Seminarh\u00e4usern in S\u00fcddeutschland durchgef\u00fchrt. <\/p>\n\n\n\n<p>Neben dem Besuch der Module geh\u00f6rt eine regelm\u00e4\u00dfige pers\u00f6nliche  \n\u00dcbungspraxis zur Ausbildung. Im letzten Ausbildungsjahr wird eine  \nt\u00e4gliche Praxis erwartet (6x pro Woche).<\/p>\n\n\n\n<p>Die Ausbildung umfasst zudem zwei Erfahrungsberichte (2 bis 4  Seiten), eine Abschlussarbeit (8 bis 12  Seiten) sowie 20 selbst\u00e4ndig geleitete Unterrichtsstunden.<\/p>\n\n\n\n<p>Die Ausbildung wird in Kooperation mit <a href=\"https:\/\/qigongzeit.ch\/\" target=\"_blank\" rel=\"noreferrer noopener\">Sonja Walpen<\/a>, <a href=\"https:\/\/www.qigong-kraft.ch\/\" data-type=\"link\" data-id=\"https:\/\/www.qigong-kraft.ch\/\" target=\"_blank\" rel=\"noreferrer noopener\">Manuela Tuena<\/a> und <a href=\"https:\/\/www.bewegungs-meditation.ch\/\" target=\"_blank\" rel=\"noreferrer noopener\">Denise Citron<\/a> angeboten. Gleichwertige Kurse von anderen Anbietern k\u00f6nnen nach Absprache f\u00fcr folgende Module angerechnet werden: F1, F2; B1, B2; T1-T3.&nbsp; Auch \u00fcber die w\u00f6chentlichen Kurse bei Urs Zimmerli k\u00f6nnen Wochenend-Module angerechnet werden.<\/p>\n\n\n\n<p>Die Kurskosten f\u00fcr die Wochenendkurse betragen Fr. 300.- (Fr. 270.-  inkl. Fr\u00fchbucherrabatt) und f\u00fcr die Wochenkurse Fr. 750.- (Fr. 700.-  inkl. Fr\u00fchbucherrabatt). Preis\u00e4nderungen vorbehalten. Die  Kursunterlagen sowie ein Ausbildungsordner sind in den Kurskosten  enthalten. Es gibt keine Jahresgeb\u00fchren, Mitgliedschaften oder \u00e4hnliche Verpflichtungen \u2013 man  kann sich einfach Modul f\u00fcr Modul anmelden.<\/p>\n\n\n\n<p>Die wichtigsten Informationen zur Ausbildung finden Sie in den folgenden Dokumenten:<\/p>\n\n\n\n<ul class=\"wp-block-list\">\n<li><a href=\"https:\/\/dao-qigong.ch\/wp-content\/uploads\/2026\/03\/Anforderungen-Grundausbildung-Stand-26.2.2026.pdf\" target=\"_blank\" rel=\"noreferrer noopener\">Anforderungen Grundausbildung<\/a><\/li>\n\n\n\n<li><a href=\"https:\/\/dao-qigong.ch\/wp-content\/uploads\/2026\/03\/Termine-Grundausbildung-Stand-27.2.2026.pdf\" target=\"_blank\" rel=\"noreferrer noopener\">Termine Grundausbildung<\/a><\/li>\n<\/ul>\n\n\n\n<p>Bei Fragen zur Ausbildung melden Sie sich bitte bei Urs Zimmerli:<\/p>\n\n\n\n<ul class=\"wp-block-list\">\n<li>urs.zimmerli@dao-qigong.ch<\/li>\n\n\n\n<li>076 327 93 96<\/li>\n<\/ul>\n\n\n\n<p><\/p>\n","protected":false},"excerpt":{"rendered":"<p>Die DAO QIGONG-Schule (Urs Zimmerli) bietet eine Qigong-Grundausbildung mit Diplom als \u201cQigong-Kursleiter\/in\u201d in der Schweiz an. Der Ausbildungs-Lehrgang ist von der Schweizerischen Gesellschaft f\u00fcr Qigong und Taijiquan (SGQT) anerkannt. Die Ausbildung bietet einen umfassenden Einstieg ins Lehrsystem \u201cQigong Yangsheng\u201d nach Prof. Jiao Guorui. Die Spezialit\u00e4t der Ausbildung liegt darin, dass die inneren \u00dcbungen des Qigong&hellip;<\/p>\n","protected":false},"author":4,"featured_media":0,"parent":169,"menu_order":10,"comment_status":"closed","ping_status":"closed","template":"","meta":{"footnotes":""},"class_list":["post-317","page","type-page","status-publish","hentry","no-post-thumbnail","post-grid-3-col","entry"],"_links":{"self":[{"href":"https:\/\/dao-qigong.ch\/index.php?rest_route=\/wp\/v2\/pages\/317","targetHints":{"allow":["GET"]}}],"collection":[{"href":"https:\/\/dao-qigong.ch\/index.php?rest_route=\/wp\/v2\/pages"}],"about":[{"href":"https:\/\/dao-qigong.ch\/index.php?rest_route=\/wp\/v2\/types\/page"}],"author":[{"embeddable":true,"href":"https:\/\/dao-qigong.ch\/index.php?rest_route=\/wp\/v2\/users\/4"}],"replies":[{"embeddable":true,"href":"https:\/\/dao-qigong.ch\/index.php?rest_route=%2Fwp%2Fv2%2Fcomments&post=317"}],"version-history":[{"count":89,"href":"https:\/\/dao-qigong.ch\/index.php?rest_route=\/wp\/v2\/pages\/317\/revisions"}],"predecessor-version":[{"id":2866,"href":"https:\/\/dao-qigong.ch\/index.php?rest_route=\/wp\/v2\/pages\/317\/revisions\/2866"}],"up":[{"embeddable":true,"href":"https:\/\/dao-qigong.ch\/index.php?rest_route=\/wp\/v2\/pages\/169"}],"wp:attachment":[{"href":"https:\/\/dao-qigong.ch\/index.php?rest_route=%2Fwp%2Fv2%2Fmedia&parent=317"}],"curies":[{"name":"wp","href":"https:\/\/api.w.org\/{rel}","templated":true}]}}